{"id":6497,"date":"2018-11-14T12:58:54","date_gmt":"2018-11-14T09:58:54","guid":{"rendered":"http:\/\/csasys.com\/?page_id=6497"},"modified":"2024-08-13T11:05:11","modified_gmt":"2024-08-13T08:05:11","slug":"contact","status":"publish","type":"page","link":"https:\/\/csasys.com\/en\/contact\/","title":{"rendered":"Contact"},"content":{"rendered":"<p>[vc_row][vc_column]<div id=\"qodef-particles\" class=\"fixed\" style=\"height: 400px;background-color: #f8f8f8;background-image: url(https:\/\/csasys.com\/wp-content\/uploads\/2020\/04\/\u0130leti\u015fim-b\u00f6l\u00fcm\u00fc-banner.png);\" data-particles-density=\"high\" data-particles-color=\"#c1c1c1\" data-particles-opacity=\"1\" data-particles-size=\"3\" data-speed=\"3\" data-show-lines=\"yes\" data-line-length=\"120\" data-hover=\"yes\" data-click=\"yes\" ><div id=\"qodef-p-particles-container\"><\/div><div class=\"qodef-p-content\" data-width=\"100\" data-margin-top=\"18%\" data-margin-bottom=\"19%\">[vc_empty_space height=&#8221;23px&#8221;]\n<div class=\"qodef-custom-font-holder\" style=\"font-family: Century Gothic;font-size: 60px;line-height: 86px;font-weight: 800;letter-spacing: 6px;text-transform: Uppercase;text-align: center;color: #4f4f4f\" data-font-size= 60 data-line-height= 86>\n\tCONTACT US<\/div><\/div><div class=\"qodef-p-content\" data-width=\"100\">[vc_empty_space height=&#8221;300px&#8221;]\n<div class=\"qodef-custom-font-holder\" style=\"font-family: Century Gothic;font-size: 40px;font-weight: 800;letter-spacing: 0px;text-align: center;color: #4f4f4f\" data-font-size= 40>\n\t+90 549 472 00 94<\/div>[vc_empty_space height=&#8221;20px&#8221;]\n<div class=\"qodef-custom-font-holder\" style=\"font-family: Century Gothic;font-size: 40px;font-weight: 800;letter-spacing: 0px;text-align: center;color: #4f4f4f\" data-font-size= 40>\n\tsupport@csasys.com<\/div><\/div><\/div>[vc_column_text el_class=&#8221;csaabout3&#8243;][\/vc_column_text][\/vc_column][\/vc_row][vc_row content_width=&#8221;grid&#8221; content_aligment=&#8221;center&#8221; css=&#8221;.vc_custom_1542190532807{padding-bottom: 50px !important;}&#8221;][vc_column]<div role=\"form\" class=\"wpcf7\" id=\"wpcf7-f7870-o1\" lang=\"en-US\" dir=\"ltr\">\n<div class=\"screen-reader-response\"><p role=\"status\" aria-live=\"polite\" aria-atomic=\"true\"><\/p> <ul><\/ul><\/div>\n<form action=\"\/en\/wp-json\/wp\/v2\/pages\/6497#wpcf7-f7870-o1\" method=\"post\" class=\"wpcf7-form init cf7_custom_style_1\" novalidate=\"novalidate\" data-status=\"init\">\n<div style=\"display: none;\">\n<input type=\"hidden\" name=\"_wpcf7\" value=\"7870\" \/>\n<input type=\"hidden\" name=\"_wpcf7_version\" value=\"5.3.2\" \/>\n<input type=\"hidden\" name=\"_wpcf7_locale\" value=\"en_US\" \/>\n<input type=\"hidden\" name=\"_wpcf7_unit_tag\" value=\"wpcf7-f7870-o1\" \/>\n<input type=\"hidden\" name=\"_wpcf7_container_post\" value=\"0\" \/>\n<input type=\"hidden\" name=\"_wpcf7_posted_data_hash\" value=\"\" \/>\n<input type=\"hidden\" name=\"_wpcf7_recaptcha_response\" value=\"\" \/>\n<\/div>\n<div class=\"qodef-three-columns\">\n<div class=\"qodef-three-columns-inner\">\n<div class=\"qodef-column\">\n<div class=\"qodef-column-inner\">\n<span class=\"qodef-input-title\">Name<\/span><br \/>\n<span class=\"wpcf7-form-control-wrap your-name\"><input type=\"text\" name=\"your-name\" value=\"\" size=\"40\" class=\"wpcf7-form-control wpcf7-text wpcf7-validates-as-required\" aria-required=\"true\" aria-invalid=\"false\" \/><\/span>\n<\/div>\n<\/div>\n<div class=\"qodef-column\">\n<div class=\"qodef-column-inner\">\n<span class=\"qodef-input-title\">Subject<\/span><br \/>\n<span class=\"wpcf7-form-control-wrap your-subject\"><input type=\"text\" name=\"your-subject\" value=\"\" size=\"40\" class=\"wpcf7-form-control wpcf7-text wpcf7-validates-as-required\" aria-required=\"true\" aria-invalid=\"false\" \/><\/span>\n<\/div>\n<\/div>\n<div class=\"qodef-column\">\n<div class=\"qodef-column-inner\">\n<span class=\"qodef-input-title\">E-mail<\/span><br \/>\n<span class=\"wpcf7-form-control-wrap your-email\"><input type=\"email\" name=\"your-email\" value=\"\" size=\"40\" class=\"wpcf7-form-control wpcf7-text wpcf7-email wpcf7-validates-as-required wpcf7-validates-as-email\" aria-required=\"true\" aria-invalid=\"false\" \/><\/span>\n<\/div>\n<\/div>\n<\/div>\n<\/div>\n<div>\n<span class=\"qodef-input-title\">Message<\/span><br \/>\n<span class=\"wpcf7-form-control-wrap your-message\"><textarea name=\"your-message\" cols=\"40\" rows=\"10\" class=\"wpcf7-form-control wpcf7-textarea\" aria-invalid=\"false\"><\/textarea><\/span>\n<\/div>\n<div>\n<span class=\"wpcf7-form-control-wrap checkbox-650\"><span class=\"wpcf7-form-control wpcf7-checkbox wpcf7-validates-as-required\"><span class=\"wpcf7-list-item first last\"><input type=\"checkbox\" name=\"checkbox-650[]\" value=\"\" \/><span class=\"wpcf7-list-item-label\"><\/span><\/span><\/span><\/span> I have read and understood the <a href=\"https:\/\/csasys.com\/en\/cerezpolitikasi\/\">Illumination Text<\/a> .<\/p>\n\n<\/div>\n<div style=\"float:right;\">\n<input type=\"submit\" value=\"Send Message\" class=\"wpcf7-form-control wpcf7-submit\" \/>\n<\/div>\n<p style=\"display: none !important;\" class=\"akismet-fields-container\" data-prefix=\"_wpcf7_ak_\"><label>&#916;<textarea name=\"_wpcf7_ak_hp_textarea\" cols=\"45\" rows=\"8\" maxlength=\"100\"><\/textarea><\/label><input type=\"hidden\" id=\"ak_js_1\" name=\"_wpcf7_ak_js\" value=\"5\"\/><script>document.getElementById( \"ak_js_1\" ).setAttribute( \"value\", ( new Date() ).getTime() );<\/script><\/p><div class=\"wpcf7-response-output\" aria-hidden=\"true\"><\/div><\/form><\/div>[vc_empty_space height=&#8221;50px&#8221;][\/vc_column][vc_column width=&#8221;1\/2&#8243;]<div class= \"qodef-ordered-list\" ><\/p>\n<ul>\n<li style=\"text-align: left;\"><strong style=\"color: #b2dd4c;\">Address:<\/strong> Y\u0131ld\u0131z Technical University Davutpasa Campus Technology Development Zone B-1 Blok No :407 Esenler\/\u0130stanbul<\/li>\n<li style=\"text-align: left;\"><strong style=\"color: #b2dd4c;\">Post Code:\u00a0<\/strong>34220<\/li>\n<\/ul>\n<p><\/div>[\/vc_column][vc_column width=&#8221;1\/2&#8243;][vc_column_text]<\/p>\n<h3 style=\"color: #dd9933; margin-bottom: 15px;\">YTU Davutpasa Campus<\/h3>\n<p>[\/vc_column_text][vc_column_text]<iframe loading=\"lazy\" style=\"border: 0;\" src=\"https:\/\/www.google.com\/maps\/embed?pb=!1m18!1m12!1m3!1d3010.028629788364!2d28.88940281510636!3d41.02462957929909!2m3!1f0!2f0!3f0!3m2!1i1024!2i768!4f13.1!3m3!1m2!1s0x14cabae4f89972a7%3A0x3687cfcd13c0f0f7!2zw4dpZnRlIEhhdnV6bGFyIE1haGFsbGVzaSwgWVTDnC1EYXZ1dHBhxZ9hIEthbXDDvHPDvCwgRXNlbmxlci_EsHN0YW5idWw!5e0!3m2!1str!2str!4v1535976902420\" width=\"500\" height=\"450\" frameborder=\"0\" allowfullscreen=\"allowfullscreen\" data-mce-fragment=\"1\"><\/iframe>[\/vc_column_text][\/vc_column][\/vc_row]<\/p>\n","protected":false},"excerpt":{"rendered":"<p>[vc_row][vc_column][vc_column_text el_class=&#8221;csaabout3&#8243;][\/vc_column_text][\/vc_column][\/vc_row][vc_row content_width=&#8221;grid&#8221; content_aligment=&#8221;center&#8221; css=&#8221;.vc_custom_1542190532807{padding-bottom: 50px !important;}&#8221;][vc_column][vc_empty_space height=&#8221;50px&#8221;][\/vc_column][vc_column width=&#8221;1\/2&#8243;][\/vc_column][vc_column width=&#8221;1\/2&#8243;][vc_column_text] YTU Davutpasa Campus [\/vc_column_text][vc_column_text][\/vc_column_text][\/vc_column][\/vc_row]<\/p>\n","protected":false},"author":1,"featured_media":0,"parent":0,"menu_order":0,"comment_status":"closed","ping_status":"closed","template":"full-width.php","meta":{"footnotes":""},"class_list":["post-6497","page","type-page","status-publish","hentry"],"_links":{"self":[{"href":"https:\/\/csasys.com\/en\/wp-json\/wp\/v2\/pages\/6497","targetHints":{"allow":["GET"]}}],"collection":[{"href":"https:\/\/csasys.com\/en\/wp-json\/wp\/v2\/pages"}],"about":[{"href":"https:\/\/csasys.com\/en\/wp-json\/wp\/v2\/types\/page"}],"author":[{"embeddable":true,"href":"https:\/\/csasys.com\/en\/wp-json\/wp\/v2\/users\/1"}],"replies":[{"embeddable":true,"href":"https:\/\/csasys.com\/en\/wp-json\/wp\/v2\/comments?post=6497"}],"version-history":[{"count":50,"href":"https:\/\/csasys.com\/en\/wp-json\/wp\/v2\/pages\/6497\/revisions"}],"predecessor-version":[{"id":7932,"href":"https:\/\/csasys.com\/en\/wp-json\/wp\/v2\/pages\/6497\/revisions\/7932"}],"wp:attachment":[{"href":"https:\/\/csasys.com\/en\/wp-json\/wp\/v2\/media?parent=6497"}],"curies":[{"name":"wp","href":"https:\/\/api.w.org\/{rel}","templated":true}]}}