{"id":7414,"date":"2020-05-20T10:18:39","date_gmt":"2020-05-20T07:18:39","guid":{"rendered":"http:\/\/csasys.com\/?page_id=7414"},"modified":"2020-12-13T02:02:44","modified_gmt":"2020-12-12T23:02:44","slug":"vizyon-misyon","status":"publish","type":"page","link":"https:\/\/csasys.com\/en\/vizyon-misyon\/","title":{"rendered":"Vision &#038; Mission"},"content":{"rendered":"<p>[vc_row content_aligment=&#8221;center&#8221; css=&#8221;.vc_custom_1590675166191{background-color: #f9f9f9 !important;}&#8221;][vc_column][vc_empty_space height=&#8221;55px&#8221;][vc_single_image image=&#8221;7718&#8243; img_size=&#8221;1920&#215;300&#8243; alignment=&#8221;center&#8221;][vc_empty_space height=&#8221;55px&#8221;][\/vc_column][\/vc_row][vc_row content_width=&#8221;grid&#8221; css=&#8221;.vc_custom_1587029481759{padding-top: 30px !important;padding-bottom: 30px !important;background-image: url(http:\/\/csasys.com\/wp-content\/uploads\/2018\/11\/csa-about-us.jpg?id=6462) !important;}&#8221;][vc_column][vc_column_text css_animation=&#8221;none&#8221; el_class=&#8221;csaabout&#8221;]<\/p>\n<h2><\/h2>\n<h2 style=\"text-align: center;\"><span style=\"color: #d38820;\">OUR CORPORATE VISION<\/span><\/h2>\n<p>&nbsp;<\/p>\n<h4 style=\"text-align: center;\">To become an innovative, pioneering and sought after company in the field of Information Technologies that is; successful in Turkey and at an international level, recognised by its quality, producing and implementing unique solutions.<\/h4>\n<p>[\/vc_column_text][vc_empty_space height=&#8221;30px&#8221;][\/vc_column][\/vc_row][vc_row content_width=&#8221;grid&#8221; css=&#8221;.vc_custom_1590064198417{padding-top: 30px !important;padding-bottom: 30px !important;background: #f1f1f1 url(http:\/\/csasys.com\/wp-content\/uploads\/2018\/11\/csa-about-us.jpg?id=6462) !important;}&#8221;][vc_column width=&#8221;1\/2&#8243;][vc_column_text css_animation=&#8221;none&#8221; el_class=&#8221;csaabout&#8221;]<\/p>\n<h2 style=\"text-align: center;\"><span style=\"color: #3694b5;\">OUR CORPORATE MISSION<\/span><\/h2>\n<p>[\/vc_column_text][vc_empty_space height=&#8221;40px&#8221;][vc_column_text css_animation=&#8221;none&#8221; el_class=&#8221;csaabout&#8221;]<\/p>\n<h2 style=\"text-align: center;\"><\/h2>\n<h4 style=\"text-align: center;\">\u00a0Our mission is understanding to our customers&#8217; problems using our innovative solutions, producing high quality and sustainable solutions with high added value, meeting the needs of our customers in the best way, and keeping customer satisfaction at a high level.<\/h4>\n<p>[\/vc_column_text][vc_empty_space height=&#8221;50px&#8221;][\/vc_column][vc_column width=&#8221;1\/2&#8243;][vc_single_image image=&#8221;7509&#8243; img_size=&#8221;medium&#8221;][\/vc_column][\/vc_row][vc_row content_width=&#8221;grid&#8221; css=&#8221;.vc_custom_1587029481759{padding-top: 30px !important;padding-bottom: 30px !important;background-image: url(http:\/\/csasys.com\/wp-content\/uploads\/2018\/11\/csa-about-us.jpg?id=6462) !important;}&#8221;][vc_column][vc_column_text css_animation=&#8221;none&#8221; el_class=&#8221;csaabout&#8221;]<\/p>\n<h2><\/h2>\n<h2 style=\"text-align: center;\"><span style=\"color: #b39dca;\">OUR INTEGRATED MANAGEMENT SYSTEM POLICY<\/span><\/h2>\n<p>&nbsp;<\/p>\n<h4 style=\"text-align: justify;\">As <b>CSA DANI\u015eMANLIK VE B\u0130L\u0130\u015e\u0130M H\u0130ZMETLER\u0130 LTD. \u015eT\u0130.<\/b> in order to have the skills and competencies to; achieve team work globally, improving continuously and contributing to the development of our business partners while developing ourselves, being sensitive to our business, environment and universal values are our core principles.<\/h4>\n<p>&nbsp;<\/p>\n<h4 style=\"text-align: justify;\">Keeping the satisfaction of our customers and employees and our reliability at the highest level, providing high quality services with high added value to our customers and adding value to our customers is our common goal with our employees. To achieve this goal, continuous improvement of the quality of service we provide and information security under the guidance of performance and reliability principles, preventing waste and constantly improving our management systems to support them are our prerequisites.<\/h4>\n<p>&nbsp;<\/p>\n<h4 style=\"text-align: justify;\">Our common principles that we have determined to reach our goal are:<\/h4>\n<p>&nbsp;<\/p>\n<div>\n<ul>\n<li><strong>Sustainability:<\/strong> Ensuring that every step we take has long-term benefits<\/li>\n<li><strong>Participative Working Environment:<\/strong> Ensuring that goals, decisions and activities are determined by teamwork<\/li>\n<li><strong>Open Communication:<\/strong> Establishing trust-based, long-term positive feedback with all our employees and stakeholders<\/li>\n<li><strong>Awareness:<\/strong> Providing awareness, knowledge, and ability to protect the quality and information security in our company by constantly training our employees<\/li>\n<li><strong>Zero Waste:<\/strong> Doing every job with the perspective of preventing all types of waste<\/li>\n<li><strong>Information:<\/strong> Valuing and protecting information<\/li>\n<li><strong>Information Security:<\/strong> Establishing structures that protect the confidentiality, integrity, and accessibility of our information assets<\/li>\n<li><strong>Quality Service:<\/strong> Putting the quality service and satisfied customer principle to the forefront, reflecting this condition to all our business processes, and constantly improving it<\/li>\n<li><strong>Risk Management:<\/strong> To ensure continuity and reliability, determining the risks that our company and all our stakeholders may face from us and providing the necessary conditions and resources to minimise these risks<\/li>\n<li><strong>Legal Compliance:<\/strong> Fulfilling the obligations of Quality Management System and Information Security Management System arising from legal or contractual requirements related to our activities.<\/li>\n<\/ul>\n<\/div>\n<p>&nbsp;<\/p>\n<p>&nbsp;<\/p>\n<h4 style=\"text-align: justify;\">Are our Common Principles.<\/h4>\n<p>&nbsp;<\/p>\n<h4 style=\"text-align: justify;\">We regard the statements as our most important values, the basis for our respect to our stakeholders and maintaining our sustainability and the commitment of our employees.<\/h4>\n<p>&nbsp;<\/p>\n<h4 style=\"text-align: right; font-family: arial;\"><strong>General Manager<\/strong><\/h4>\n<h4 style=\"text-align: right; font-family: arial;\"><strong>G\u00f6khan Samuk<\/strong><\/h4>\n<h4 style=\"text-align: right; font-family: arial;\"><strong>05\/12\/2020<\/strong><\/h4>\n<p>[\/vc_column_text][vc_empty_space height=&#8221;30px&#8221;][\/vc_column][\/vc_row][vc_row content_width=&#8221;grid&#8221; css=&#8221;.vc_custom_1587029481759{padding-top: 30px !important;padding-bottom: 30px !important;background-image: url(http:\/\/csasys.com\/wp-content\/uploads\/2018\/11\/csa-about-us.jpg?id=6462) !important;}&#8221;][vc_column][vc_empty_space height=&#8221;30px&#8221;][vc_column_text css_animation=&#8221;none&#8221; el_class=&#8221;csaabout&#8221;]<\/p>\n<h2 style=\"text-align: center;\"><span style=\"color: #97ad65;\">OUR VALUES<\/span><\/h2>\n<p>[\/vc_column_text][vc_empty_space height=&#8221;30px&#8221;][\/vc_column][\/vc_row][vc_row content_width=&#8221;grid&#8221; content_aligment=&#8221;center&#8221;][vc_column width=&#8221;1\/4&#8243;][vc_single_image image=&#8221;7460&#8243; img_size=&#8221;100&#215;100&#8243; alignment=&#8221;center&#8221;][vc_empty_space height=&#8221;12px&#8221;][vc_column_text]<\/p>\n<h4 style=\"text-align: center;\">We value our country, we strive to be beneficial to the society we live in<\/h4>\n<p>[\/vc_column_text][\/vc_column][vc_column width=&#8221;1\/4&#8243;][vc_single_image image=&#8221;7461&#8243; img_size=&#8221;100&#215;100&#8243; alignment=&#8221;center&#8221;][vc_empty_space height=&#8221;12px&#8221;][vc_column_text]<\/p>\n<h4 style=\"text-align: center;\">We establish business partnerships with our customers based on trust and good relations<\/h4>\n<p>[\/vc_column_text][\/vc_column][vc_column width=&#8221;1\/4&#8243;][vc_single_image image=&#8221;7504&#8243; img_size=&#8221;100&#215;100&#8243; alignment=&#8221;center&#8221;][vc_empty_space height=&#8221;12px&#8221;][vc_column_text]<\/p>\n<h4 style=\"text-align: center;\">We want to work with good and talented people, support their development and share our earnings with them<\/h4>\n<p>[\/vc_column_text][\/vc_column][vc_column width=&#8221;1\/4&#8243;][vc_single_image image=&#8221;7465&#8243; img_size=&#8221;100&#215;100&#8243; alignment=&#8221;center&#8221;][vc_empty_space height=&#8221;12px&#8221;][vc_column_text]<\/p>\n<h4 style=\"text-align: center;\">We produce innovative and sustainable solutions with our rational approach in technology<\/h4>\n<p>[\/vc_column_text][\/vc_column][\/vc_row][vc_row][vc_column][vc_empty_space height=&#8221;40px&#8221;][\/vc_column][\/vc_row][vc_row content_width=&#8221;grid&#8221; content_aligment=&#8221;center&#8221;][vc_column width=&#8221;1\/4&#8243;][vc_single_image image=&#8221;7469&#8243; img_size=&#8221;100&#215;100&#8243; alignment=&#8221;center&#8221;][vc_empty_space height=&#8221;12px&#8221;][vc_column_text]<\/p>\n<h4 style=\"text-align: center;\">We believe in continuous improvement and rejuvenation in order to be successful<\/h4>\n<p>[\/vc_column_text][\/vc_column][vc_column width=&#8221;1\/4&#8243;][vc_single_image image=&#8221;7468&#8243; img_size=&#8221;100&#215;100&#8243; alignment=&#8221;center&#8221;][vc_empty_space height=&#8221;12px&#8221;][vc_column_text]<\/p>\n<h4 style=\"text-align: center;\">We act with an understanding that embraces and includes everyone against all kinds of discrimination<\/h4>\n<p>[\/vc_column_text][\/vc_column][vc_column width=&#8221;1\/4&#8243;][vc_single_image image=&#8221;7467&#8243; img_size=&#8221;100&#215;100&#8243; alignment=&#8221;center&#8221;][vc_empty_space height=&#8221;12px&#8221;][vc_column_text]<\/p>\n<h4 style=\"text-align: center;\">We believe in goodness and honesty<\/h4>\n<p>[\/vc_column_text][\/vc_column][vc_column width=&#8221;1\/4&#8243;][vc_single_image image=&#8221;7503&#8243; img_size=&#8221;100&#215;100&#8243; alignment=&#8221;center&#8221;][vc_empty_space height=&#8221;12px&#8221;][vc_column_text]<\/p>\n<h4 style=\"text-align: center;\">We see our customers as part of our company and act according to their needs<\/h4>\n<p>[\/vc_column_text][\/vc_column][\/vc_row][vc_row][vc_column][vc_empty_space height=&#8221;64px&#8221;][\/vc_column][\/vc_row]<\/p>\n","protected":false},"excerpt":{"rendered":"<p>[vc_row content_aligment=&#8221;center&#8221; css=&#8221;.vc_custom_1590675166191{background-color: #f9f9f9 !important;}&#8221;][vc_column][vc_empty_space height=&#8221;55px&#8221;][vc_single_image image=&#8221;7718&#8243; img_size=&#8221;1920&#215;300&#8243; alignment=&#8221;center&#8221;][vc_empty_space height=&#8221;55px&#8221;][\/vc_column][\/vc_row][vc_row content_width=&#8221;grid&#8221; css=&#8221;.vc_custom_1587029481759{padding-top: 30px !important;padding-bottom: 30px !important;background-image: url(http:\/\/csasys.com\/wp-content\/uploads\/2018\/11\/csa-about-us.jpg?id=6462) !important;}&#8221;][vc_column][vc_column_text css_animation=&#8221;none&#8221; el_class=&#8221;csaabout&#8221;] OUR CORPORATE VISION &nbsp; To become an innovative, pioneering and sought after company in the field of Information Technologies that is; successful in Turkey and&#8230;<\/p>\n","protected":false},"author":1,"featured_media":0,"parent":0,"menu_order":2,"comment_status":"closed","ping_status":"closed","template":"full-width.php","meta":{"footnotes":""},"class_list":["post-7414","page","type-page","status-publish","hentry"],"_links":{"self":[{"href":"https:\/\/csasys.com\/en\/wp-json\/wp\/v2\/pages\/7414","targetHints":{"allow":["GET"]}}],"collection":[{"href":"https:\/\/csasys.com\/en\/wp-json\/wp\/v2\/pages"}],"about":[{"href":"https:\/\/csasys.com\/en\/wp-json\/wp\/v2\/types\/page"}],"author":[{"embeddable":true,"href":"https:\/\/csasys.com\/en\/wp-json\/wp\/v2\/users\/1"}],"replies":[{"embeddable":true,"href":"https:\/\/csasys.com\/en\/wp-json\/wp\/v2\/comments?post=7414"}],"version-history":[{"count":54,"href":"https:\/\/csasys.com\/en\/wp-json\/wp\/v2\/pages\/7414\/revisions"}],"predecessor-version":[{"id":7813,"href":"https:\/\/csasys.com\/en\/wp-json\/wp\/v2\/pages\/7414\/revisions\/7813"}],"wp:attachment":[{"href":"https:\/\/csasys.com\/en\/wp-json\/wp\/v2\/media?parent=7414"}],"curies":[{"name":"wp","href":"https:\/\/api.w.org\/{rel}","templated":true}]}}