{"id":7486,"date":"2020-05-22T10:57:28","date_gmt":"2020-05-22T07:57:28","guid":{"rendered":"http:\/\/csasys.com\/?page_id=7486"},"modified":"2020-06-12T16:23:18","modified_gmt":"2020-06-12T13:23:18","slug":"biz-kimiz","status":"publish","type":"page","link":"https:\/\/csasys.com\/en\/biz-kimiz\/","title":{"rendered":"Who Are We?"},"content":{"rendered":"<p>[vc_row][vc_column]<div id=\"qodef-particles\" class=\"fixed\" style=\"height: 400px;background-color: #f8f8f8;\" data-particles-density=\"medium\" data-particles-color=\"#c1c1c1\" data-particles-opacity=\"1\" data-particles-size=\"3\" data-speed=\"3\" data-show-lines=\"yes\" data-line-length=\"120\" data-hover=\"yes\" data-click=\"yes\" ><div id=\"qodef-p-particles-container\"><\/div><div class=\"qodef-p-content\" data-width=\"100\" data-margin-top=\"18%\" data-margin-bottom=\"19%\">[vc_empty_space height=&#8221;23px&#8221;]\n<div class=\"qodef-custom-font-holder\" style=\"font-family: Century Gothic;font-size: 60px;line-height: 86px;font-weight: 800;letter-spacing: 0px;text-transform: Uppercase;text-align: center;color: #4f4f4f\" data-font-size= 60 data-line-height= 86>\n\tCSA SOFTWARE | CONSULTANCY<\/div><\/div><\/div>[vc_column_text el_class=&#8221;csaabout3&#8243;][\/vc_column_text][\/vc_column][\/vc_row][vc_row css=&#8221;.vc_custom_1587029505508{background-color: #f9f9f9 !important;}&#8221;][vc_column][vc_empty_space height=&#8221;55px&#8221;][vc_single_image image=&#8221;7583&#8243; img_size=&#8221;full&#8221;][\/vc_column][\/vc_row][vc_row content_width=&#8221;grid&#8221; css=&#8221;.vc_custom_1587029481759{padding-top: 30px !important;padding-bottom: 30px !important;background-image: url(http:\/\/csasys.com\/wp-content\/uploads\/2018\/11\/csa-about-us.jpg?id=6462) !important;}&#8221;][vc_column width=&#8221;1\/2&#8243;][vc_column_text css_animation=&#8221;none&#8221; el_class=&#8221;csaabout&#8221;]In 2011, CSA Software and Consulting was founded for taking aim at running QAD operations successfully in Turkey. Nowadays, it is providing prod\u0131ucts and services to different industries around the world.[\/vc_column_text][vc_empty_space height=&#8221;50px&#8221;][vc_column_text el_class=&#8221;csaabout&#8221;]CSA Software and Consulting meets its business solutions to companies. Their main purpose is to keep customers\u2019 satisfaction level at highest.[\/vc_column_text][vc_empty_space height=&#8221;50px&#8221;][vc_column_text css_animation=&#8221;none&#8221; el_class=&#8221;csaabout&#8221;]CSA Software and Consulting is serving automotive, consumer products, and life sciences industries.[\/vc_column_text][\/vc_column][vc_column width=&#8221;1\/2&#8243;][vc_single_image image=&#8221;7597&#8243; img_size=&#8221;400&#215;550&#8243;][\/vc_column][\/vc_row][vc_row content_width=&#8221;grid&#8221; css=&#8221;.vc_custom_1587029481759{padding-top: 30px !important;padding-bottom: 30px !important;background-image: url(http:\/\/csasys.com\/wp-content\/uploads\/2018\/11\/csa-about-us.jpg?id=6462) !important;}&#8221;][vc_column width=&#8221;1\/2&#8243;][vc_single_image image=&#8221;7600&#8243; img_size=&#8221;500&#215;783&#8243;][\/vc_column][vc_column width=&#8221;1\/2&#8243;][vc_empty_space height=&#8221;50px&#8221;][vc_column_text el_class=&#8221;csaabout&#8221;]CSA Software and Consulting always keep suiting their vision and mission to today&#8217;s current environment. And it aims to evolve and develop. It offers business solutions to needed industries. For supporting efficiency, it offers the best consultancy services to customers.<\/p>\n<ul>\n<li>QAD (ERP \u2013 Enterprise Resource Planning)<\/li>\n<li>Prophix (CPM \u2013 Corporate Performance Management)<\/li>\n<li>Planettogether (APS \u2013 Advanced Planning &amp; Scheduling)<\/li>\n<li>E-support.pro (Support System)<\/li>\n<\/ul>\n<p>[\/vc_column_text][vc_column_text el_class=&#8221;csaabout&#8221;]CSA Consulting and Software\u00a0 continue to grow successfully by providing efficient products and\u00a0 these products&#8217; services to\u00a0 their customers.[\/vc_column_text][\/vc_column][\/vc_row][vc_row][vc_column css_animation=&#8221;bounceInDown&#8221;][vc_empty_space][vc_column_text el_class=&#8221;csaabout2&#8243;]Frequently Asked Questions[\/vc_column_text][vc_empty_space][\/vc_column][\/vc_row][vc_row][vc_column css_animation=&#8221;fadeInUp&#8221; el_class=&#8221;aboutsorular&#8221;]<div class=\"qodef-accordion-holder clearfix qodef-toggle qodef-boxed \">\r\n\t<p class=\"clearfix qodef-title-holder\" >\r\n\t<span class=\"qodef-accordion-mark qodef-left-mark\">\r\n\t\t<span class=\"qodef-accordion-mark-icon\">\r\n\t\t\t<span class=\"icon_plus\"><\/span>\r\n\t\t\t<span class=\"icon_minus-06\"><\/span>\r\n\t\t<\/span>\r\n\t<\/span>\r\n\t<span class=\"qodef-tab-title\">\r\n\t\t<span class=\"qodef-tab-title-inner\">\r\n\t\t\tWhich conditions are we serve consulting services to our customers ?\t\t<\/span>\r\n\t<\/span>\r\n<\/p>\r\n<div class=\"qodef-accordion-content\">\r\n\t<div class=\"qodef-accordion-content-inner\">\r\n\t\t[vc_column_text el_id=&#8221;textcss1&#8243; el_class=&#8221;textcss1&#8243;]<\/p>\n<h4 style=\"list-style-type: none; margin-left: 60px; line-height: 27px; font-weight: 400;\">CSA\u00a0 Software Consultancy works with special distribution agreements.<\/h4>\n<ul style=\"margin-left: 60px; line-height: 27px; font-weight: 400;\">\n<li>09:00 &#8211; 18:00 Support Center<\/li>\n<li>Support for 5 days<\/li>\n<li>Consultant staff informed by the latest trainings<\/li>\n<\/ul>\n<p>[\/vc_column_text]\t<\/div>\r\n<\/div>\r\n<\/div>[vc_empty_space height=&#8221;5px&#8221;]<div class=\"qodef-accordion-holder clearfix qodef-toggle qodef-boxed \">\r\n\t<p class=\"clearfix qodef-title-holder\" >\r\n\t<span class=\"qodef-accordion-mark qodef-left-mark\">\r\n\t\t<span class=\"qodef-accordion-mark-icon\">\r\n\t\t\t<span class=\"icon_plus\"><\/span>\r\n\t\t\t<span class=\"icon_minus-06\"><\/span>\r\n\t\t<\/span>\r\n\t<\/span>\r\n\t<span class=\"qodef-tab-title\">\r\n\t\t<span class=\"qodef-tab-title-inner\">\r\n\t\t\tWhat level is the training and experience of the personnel within the local support organization?\t\t<\/span>\r\n\t<\/span>\r\n<\/p>\r\n<div class=\"qodef-accordion-content\">\r\n\t<div class=\"qodef-accordion-content-inner\">\r\n\t\t[vc_column_text el_class=&#8221;textcss1&#8243;]<\/p>\n<h4 style=\"list-style-type: none; margin-left: 60px; margin-right: 60px; line-height: 27px; font-weight: 400;\">Consultants can receive the training of the latest applications at very short intervals thanks to the Istanbul training center. QAD also has a wide range of e-learning resources. Thanks to Prophix Academy, every updated feature is discovered by our consultants for a short time. Planettogether Resources makes it easy to learn continuously.<\/h4>\n<blockquote>\n<p style=\"text-align: left;\">In the current crew, we had a 15 software consultant. Six of them are junior consultants that 2-5 work experience. And the rest of our crew is a senior consultant that 10-20 years of work experience. Our whole crew running projects national and international. And they will continue to manage these projects. These are our reference firms; ITG, Glaxo, GKN, Stryker, Eaton, Supsan, Ermetal, Konvey\u00f6r, Denta\u015f, B\u0131\u00e7akc\u0131lar, ABC\u2026<\/p>\n<\/blockquote>\n<p>[\/vc_column_text]\t<\/div>\r\n<\/div>\r\n<\/div>[vc_empty_space height=&#8221;5px&#8221;]<div class=\"qodef-accordion-holder clearfix qodef-toggle qodef-boxed \">\r\n\t<p class=\"clearfix qodef-title-holder\" >\r\n\t<span class=\"qodef-accordion-mark qodef-left-mark\">\r\n\t\t<span class=\"qodef-accordion-mark-icon\">\r\n\t\t\t<span class=\"icon_plus\"><\/span>\r\n\t\t\t<span class=\"icon_minus-06\"><\/span>\r\n\t\t<\/span>\r\n\t<\/span>\r\n\t<span class=\"qodef-tab-title\">\r\n\t\t<span class=\"qodef-tab-title-inner\">\r\n\t\t\tHow long will be there approximately the time to deal with the urgent problems that may arise in the software?\t\t<\/span>\r\n\t<\/span>\r\n<\/p>\r\n<div class=\"qodef-accordion-content\">\r\n\t<div class=\"qodef-accordion-content-inner\">\r\n\t\t[vc_column_text el_class=&#8221;textcss1&#8243;]<\/p>\n<ul style=\"list-style-type: none; margin-left: 60px; line-height: 27px; font-weight: 400;\">\n<li>The support unit responds to any problems as soon as possible during working hours.<\/li>\n<li>CSA Software Consultancy can provide web support with licensed application (Teamviewer)\u00a0 requiring remote access.<\/li>\n<li>Consulting service is not provided by telephone. Telephone and Web consulting services are charged separately.<\/li>\n<\/ul>\n<p>[\/vc_column_text]\t<\/div>\r\n<\/div>\r\n<\/div>[vc_empty_space height=&#8221;5px&#8221;]<div class=\"qodef-accordion-holder clearfix qodef-toggle qodef-boxed \">\r\n\t<p class=\"clearfix qodef-title-holder\" >\r\n\t<span class=\"qodef-accordion-mark qodef-left-mark\">\r\n\t\t<span class=\"qodef-accordion-mark-icon\">\r\n\t\t\t<span class=\"icon_plus\"><\/span>\r\n\t\t\t<span class=\"icon_minus-06\"><\/span>\r\n\t\t<\/span>\r\n\t<\/span>\r\n\t<span class=\"qodef-tab-title\">\r\n\t\t<span class=\"qodef-tab-title-inner\">\r\n\t\t\tWhat is the history, financial and administrative structure of the software company? What are the goals for the future of software? What is the time for support that can be committed to the software?\t\t<\/span>\r\n\t<\/span>\r\n<\/p>\r\n<div class=\"qodef-accordion-content\">\r\n\t<div class=\"qodef-accordion-content-inner\">\r\n\t\t[vc_column_text el_class=&#8221;textcss1&#8243;]<\/p>\n<ul style=\"list-style-type: none; margin-left: 60px; line-height: 27px; font-weight: 400;\">\n<li>QAD 1979 , Prophix 1987, Planet Together 2004 has been offering solutions to the World software industry.<\/li>\n<li>These softwares has been offering services to its customers for many years.<\/li>\n<li>The number of global customers in Turkey is increasing day by day so we will continue to offer services.<\/li>\n<li><\/li>\n<\/ul>\n<p>[\/vc_column_text]\t<\/div>\r\n<\/div>\r\n<\/div>[vc_empty_space height=&#8221;5px&#8221;]<div class=\"qodef-accordion-holder clearfix qodef-toggle qodef-boxed \">\r\n\t<p class=\"clearfix qodef-title-holder\" >\r\n\t<span class=\"qodef-accordion-mark qodef-left-mark\">\r\n\t\t<span class=\"qodef-accordion-mark-icon\">\r\n\t\t\t<span class=\"icon_plus\"><\/span>\r\n\t\t\t<span class=\"icon_minus-06\"><\/span>\r\n\t\t<\/span>\r\n\t<\/span>\r\n\t<span class=\"qodef-tab-title\">\r\n\t\t<span class=\"qodef-tab-title-inner\">\r\n\t\t\tDoes the software have a modular structure? Does the modular structure work fully integrated?\t\t<\/span>\r\n\t<\/span>\r\n<\/p>\r\n<div class=\"qodef-accordion-content\">\r\n\t<div class=\"qodef-accordion-content-inner\">\r\n\t\t[vc_column_text el_class=&#8221;textcss1&#8243;]<\/p>\n<ul style=\"list-style-type: none; margin-left: 60px; line-height: 27px; font-weight: 400;\">\n<li>The software has a modular structure and works integrated. It works with EOB methodologies like Add-on products and QExtend<\/li>\n<li><\/li>\n<li><\/li>\n<li><\/li>\n<\/ul>\n<p>[\/vc_column_text]\t<\/div>\r\n<\/div>\r\n<\/div>[vc_empty_space height=&#8221;50px&#8221;][\/vc_column][\/vc_row][vc_row][vc_column][vc_empty_space height=&#8221;50px&#8221;][vc_column_text css_animation=&#8221;fadeInDown&#8221; el_class=&#8221;csaabout2&#8243;]Solution Partners[\/vc_column_text][vc_empty_space][vc_column_text el_class=&#8221;csaabout3&#8243;][\/vc_column_text]<div class=\"qodef-carousel-holder with_navigation clearfix\"><div class=\"qodef-carousel\" data-items=\"6\" data-navigation=\"yes\"><div class=\"qodef-carousel-item-holder\">\r\n\t\t<a href=\"https:\/\/techiosity.com\/\" target=\"_blank\">\r\n\t                                            <span class=\"qodef-carousel-first-image-holder  qodef-image-zoom\">\r\n                        <img decoding=\"async\" src=\"https:\/\/csasys.com\/wp-content\/uploads\/2023\/04\/MicrosoftTeams-image-4.jpg\" alt=\"Home 2 C1\">\r\n                    <\/span>\r\n                                        \t\t<\/a>\r\n\t<\/div><div class=\"qodef-carousel-item-holder\">\r\n\t\t<a href=\"https:\/\/qadturkiye.com\/en\/\" target=\"_blank\">\r\n\t                                            <span class=\"qodef-carousel-first-image-holder  qodef-image-zoom\">\r\n                        <img decoding=\"async\" src=\"https:\/\/csasys.com\/wp-content\/uploads\/2023\/02\/qadyenilogo237x155.png\" alt=\"Home 2 C2\">\r\n                    <\/span>\r\n                                        \t\t<\/a>\r\n\t<\/div><div class=\"qodef-carousel-item-holder\">\r\n\t\t<a href=\"https:\/\/www.tegsoft.com\/\" target=\"_blank\">\r\n\t                                            <span class=\"qodef-carousel-first-image-holder  qodef-image-zoom\">\r\n                        <img decoding=\"async\" src=\"http:\/\/csasys.com\/wp-content\/uploads\/2020\/02\/tegsoft-logo.png\" alt=\"Home 2 C3\">\r\n                    <\/span>\r\n                                        \t\t<\/a>\r\n\t<\/div><div class=\"qodef-carousel-item-holder\">\r\n\t\t<a href=\"https:\/\/www.progress.com\/\" target=\"_blank\">\r\n\t                                            <span class=\"qodef-carousel-first-image-holder  qodef-image-zoom\">\r\n                        <img decoding=\"async\" src=\"http:\/\/csasys.com\/wp-content\/uploads\/2020\/05\/progresspartner-e1591096355121.png\" alt=\"Home 2 C4\">\r\n                    <\/span>\r\n                                        \t\t<\/a>\r\n\t<\/div><div class=\"qodef-carousel-item-holder\">\r\n\t\t<a href=\"https:\/\/www.softserveinc.com\/en-us\/\" target=\"_blank\">\r\n\t                                            <span class=\"qodef-carousel-first-image-holder  qodef-image-zoom\">\r\n                        <img decoding=\"async\" src=\"http:\/\/csasys.com\/wp-content\/uploads\/2020\/02\/softserve-logo.png\" alt=\"Home 2 C6\">\r\n                    <\/span>\r\n                                        \t\t<\/a>\r\n\t<\/div><div class=\"qodef-carousel-item-holder\">\r\n\t\t<a href=\"https:\/\/samuk.ltd\/\" target=\"_blank\">\r\n\t                                            <span class=\"qodef-carousel-first-image-holder  qodef-image-zoom\">\r\n                        <img decoding=\"async\" src=\"https:\/\/csasys.com\/wp-content\/uploads\/2021\/04\/samuk_logo-kucuk.png\" alt=\"Home 2 C7\">\r\n                    <\/span>\r\n                                        \t\t<\/a>\r\n\t<\/div><div class=\"qodef-carousel-item-holder\">\r\n\t\t<a href=\"https:\/\/planettogether.com.tr\" target=\"_blank\">\r\n\t                                            <span class=\"qodef-carousel-first-image-holder  qodef-image-zoom\">\r\n                        <img decoding=\"async\" src=\"http:\/\/csasys.com\/wp-content\/uploads\/2020\/04\/Hakk\u0131m\u0131zda-Planet.png\" alt=\"Home 2 C9\">\r\n                    <\/span>\r\n                                        \t\t<\/a>\r\n\t<\/div><div class=\"qodef-carousel-item-holder\">\r\n\t\t<a href=\"https:\/\/esupport.csasys.com\/en\/\" target=\"_self\">\r\n\t                                            <span class=\"qodef-carousel-first-image-holder  qodef-image-zoom\">\r\n                        <img decoding=\"async\" src=\"http:\/\/csasys.com\/wp-content\/uploads\/2020\/02\/WhatsApp-Image-2020-02-21-at-11.04.31.jpeg\" alt=\"home 2 c10\">\r\n                    <\/span>\r\n                                        \t\t<\/a>\r\n\t<\/div><div class=\"qodef-carousel-item-holder\">\r\n\t\t<a href=\"https:\/\/prophix.csasys.com\/en\/\" target=\"_self\">\r\n\t                                            <span class=\"qodef-carousel-first-image-holder  qodef-image-zoom\">\r\n                        <img decoding=\"async\" src=\"http:\/\/csasys.com\/wp-content\/uploads\/2020\/04\/Hakk\u0131m\u0131zda-Prophix.png\" alt=\"Home 2 13\">\r\n                    <\/span>\r\n                                        \t\t<\/a>\r\n\t<\/div><\/div><\/div>[\/vc_column][\/vc_row]<\/p>\n","protected":false},"excerpt":{"rendered":"<p>[vc_row][vc_column][vc_column_text el_class=&#8221;csaabout3&#8243;][\/vc_column_text][\/vc_column][\/vc_row][vc_row css=&#8221;.vc_custom_1587029505508{background-color: #f9f9f9 !important;}&#8221;][vc_column][vc_empty_space height=&#8221;55px&#8221;][vc_single_image image=&#8221;7583&#8243; img_size=&#8221;full&#8221;][\/vc_column][\/vc_row][vc_row content_width=&#8221;grid&#8221; css=&#8221;.vc_custom_1587029481759{padding-top: 30px !important;padding-bottom: 30px !important;background-image: url(http:\/\/csasys.com\/wp-content\/uploads\/2018\/11\/csa-about-us.jpg?id=6462) !important;}&#8221;][vc_column width=&#8221;1\/2&#8243;][vc_column_text css_animation=&#8221;none&#8221; el_class=&#8221;csaabout&#8221;]In 2011, CSA Software and Consulting was founded for taking aim at running QAD operations successfully in Turkey. Nowadays, it is providing prod\u0131ucts and services to different&#8230;<\/p>\n","protected":false},"author":1,"featured_media":0,"parent":0,"menu_order":0,"comment_status":"closed","ping_status":"closed","template":"full-width.php","meta":{"footnotes":""},"class_list":["post-7486","page","type-page","status-publish","hentry"],"_links":{"self":[{"href":"https:\/\/csasys.com\/en\/wp-json\/wp\/v2\/pages\/7486","targetHints":{"allow":["GET"]}}],"collection":[{"href":"https:\/\/csasys.com\/en\/wp-json\/wp\/v2\/pages"}],"about":[{"href":"https:\/\/csasys.com\/en\/wp-json\/wp\/v2\/types\/page"}],"author":[{"embeddable":true,"href":"https:\/\/csasys.com\/en\/wp-json\/wp\/v2\/users\/1"}],"replies":[{"embeddable":true,"href":"https:\/\/csasys.com\/en\/wp-json\/wp\/v2\/comments?post=7486"}],"version-history":[{"count":33,"href":"https:\/\/csasys.com\/en\/wp-json\/wp\/v2\/pages\/7486\/revisions"}],"predecessor-version":[{"id":7690,"href":"https:\/\/csasys.com\/en\/wp-json\/wp\/v2\/pages\/7486\/revisions\/7690"}],"wp:attachment":[{"href":"https:\/\/csasys.com\/en\/wp-json\/wp\/v2\/media?parent=7486"}],"curies":[{"name":"wp","href":"https:\/\/api.w.org\/{rel}","templated":true}]}}